{"id":223,"date":"2023-04-26T14:48:15","date_gmt":"2023-04-26T12:48:15","guid":{"rendered":"https:\/\/maslow-restaurants.com\/mentions-legales\/"},"modified":"2023-05-03T11:04:25","modified_gmt":"2023-05-03T09:04:25","slug":"mentions-legales","status":"publish","type":"page","link":"https:\/\/maslow-restaurants.com\/en\/mentions-legales\/","title":{"rendered":"Mentions l\u00e9gales"},"content":{"rendered":"\n<h2 class=\"wp-block-heading\">Mentions l\u00e9gales<\/h2>\n\n\n\n<p>Raison sociale : MASLOW MEGISSERIE<br>Adresse : 50 rue d&#8217;Aboukir, 75002 Paris<br>Email : <a href=\"mailto:contact@maslow-group.com\">contact@maslow-group.com<\/a><br>Num\u00e9ro d\u2019immatriculation au RCS : 91446483900010<br>Directeurs de la publication : Marine Ricklin<br>Prestataire d&#8217;h\u00e9bergement : OVH<\/p>\n\n\n\n<h2 class=\"wp-block-heading\">Propri\u00e9t\u00e9 intellectuelle et droit des marques<\/h2>\n\n\n\n<p>Le site internet https:\/\/maslow-group.com est prot\u00e9g\u00e9 par les lois en vigueur sur la propri\u00e9t\u00e9 intellectuelle. Toute repr\u00e9sentation ou pr\u00e9sentation de ce site, en tout ou partie doit au pr\u00e9alable \u00eatre autoris\u00e9 par MASLOW MEGISSERIE. Toute utilisation ou reproduction de la marque MASLOW MEGISSERIE est interdite sans l\u2019autorisation de MASLOW MEGISSERIE.<\/p>\n\n\n\n<h2 class=\"wp-block-heading\">Donn\u00e9es personnelles<\/h2>\n\n\n\n<p>Les informations recueillies \u00e0 partir du formulaire du contact font l\u2019objet d\u2019un traitement informatique destin\u00e9 \u00e0 : <\/p>\n\n\n\n<p>Pour la ou les finalit\u00e9(s) suivante(s) : La gestion des clients, la prospection, les op\u00e9rations de fid\u00e9lisation, l\u2019\u00e9laboration de statistiques commerciales, la cession, la location ou l\u2019\u00e9change de fichiers de clients et de prospects, l\u2019organisation d\u2019op\u00e9ration promotionnelle, la gestion des demandes de droit d\u2019acc\u00e8s, de rectification et d\u2019opposition, la gestion des impay\u00e9s et du contentieux, et la gestion des avis des personnes sur des produits, services ou contenus.<\/p>\n\n\n\n<p>Le ou les destinataire(s) des donn\u00e9es sont : Service commercial, service client\u00e8le, service support, service technique, service comptabilit\u00e9<\/p>\n\n\n\n<p>Conform\u00e9ment \u00e0 la loi \u00ab informatique et libert\u00e9s \u00bb du 6 janvier 1978 modifi\u00e9e, vous disposez d\u2019un droit d\u2019acc\u00e8s et de rectification aux informations qui vous concernent.<\/p>\n\n\n\n<p>Vous pouvez acc\u00e8der aux informations vous concernant en vous adressant \u00e0 :  <a href=\"mailto:contact@maslow-group.com\">contact@maslow-group.com<\/a><\/p>\n","protected":false},"excerpt":{"rendered":"<p>Mentions l\u00e9gales Raison sociale : MASLOW MEGISSERIEAdresse : 50 rue d&#8217;Aboukir, 75002 ParisEmail : contact@maslow-group.comNum\u00e9ro d\u2019immatriculation au RCS : 91446483900010Directeurs de la publication : Marine RicklinPrestataire d&#8217;h\u00e9bergement : OVH Propri\u00e9t\u00e9 intellectuelle et droit des marques Le site internet https:\/\/maslow-group.com est prot\u00e9g\u00e9 par les lois en vigueur sur la propri\u00e9t\u00e9 intellectuelle. Toute repr\u00e9sentation ou pr\u00e9sentation de [&hellip;]<\/p>\n","protected":false},"author":1,"featured_media":0,"parent":0,"menu_order":0,"comment_status":"closed","ping_status":"closed","template":"","meta":{"footnotes":""},"class_list":["post-223","page","type-page","status-publish","hentry"],"acf":[],"yoast_head":"<!-- This site is optimized with the Yoast SEO plugin v23.3 - https:\/\/yoast.com\/wordpress\/plugins\/seo\/ -->\n<title>Mentions l\u00e9gales - Maslow Group<\/title>\n<meta name=\"robots\" content=\"index, follow, max-snippet:-1, max-image-preview:large, max-video-preview:-1\" \/>\n<link rel=\"canonical\" href=\"https:\/\/maslow-restaurants.com\/en\/mentions-legales\/\" \/>\n<meta property=\"og:locale\" content=\"en_US\" \/>\n<meta property=\"og:type\" content=\"article\" \/>\n<meta property=\"og:title\" content=\"Mentions l\u00e9gales - Maslow Group\" \/>\n<meta property=\"og:description\" content=\"Mentions l\u00e9gales Raison sociale : MASLOW MEGISSERIEAdresse : 50 rue d&#8217;Aboukir, 75002 ParisEmail : contact@maslow-group.comNum\u00e9ro d\u2019immatriculation au RCS : 91446483900010Directeurs de la publication : Marine RicklinPrestataire d&#8217;h\u00e9bergement : OVH Propri\u00e9t\u00e9 intellectuelle et droit des marques Le site internet https:\/\/maslow-group.com est prot\u00e9g\u00e9 par les lois en vigueur sur la propri\u00e9t\u00e9 intellectuelle. Toute repr\u00e9sentation ou pr\u00e9sentation de [&hellip;]\" \/>\n<meta property=\"og:url\" content=\"https:\/\/maslow-restaurants.com\/en\/mentions-legales\/\" \/>\n<meta property=\"og:site_name\" content=\"Maslow Group\" \/>\n<meta property=\"article:modified_time\" content=\"2023-05-03T09:04:25+00:00\" \/>\n<meta property=\"og:image\" content=\"https:\/\/maslow-restaurants.com\/wp-content\/uploads\/2023\/10\/maslow-group.jpg\" \/>\n\t<meta property=\"og:image:width\" content=\"1920\" \/>\n\t<meta property=\"og:image:height\" content=\"995\" \/>\n\t<meta property=\"og:image:type\" content=\"image\/jpeg\" \/>\n<meta name=\"twitter:card\" content=\"summary_large_image\" \/>\n<meta name=\"twitter:label1\" content=\"Est. reading time\" \/>\n\t<meta name=\"twitter:data1\" content=\"1 minute\" \/>\n<script type=\"application\/ld+json\" class=\"yoast-schema-graph\">{\"@context\":\"https:\/\/schema.org\",\"@graph\":[{\"@type\":\"WebPage\",\"@id\":\"https:\/\/maslow-restaurants.com\/en\/mentions-legales\/\",\"url\":\"https:\/\/maslow-restaurants.com\/en\/mentions-legales\/\",\"name\":\"Mentions l\u00e9gales - Maslow Group\",\"isPartOf\":{\"@id\":\"https:\/\/maslow-restaurants.com\/en\/#website\"},\"datePublished\":\"2023-04-26T12:48:15+00:00\",\"dateModified\":\"2023-05-03T09:04:25+00:00\",\"breadcrumb\":{\"@id\":\"https:\/\/maslow-restaurants.com\/en\/mentions-legales\/#breadcrumb\"},\"inLanguage\":\"en-US\",\"potentialAction\":[{\"@type\":\"ReadAction\",\"target\":[\"https:\/\/maslow-restaurants.com\/en\/mentions-legales\/\"]}]},{\"@type\":\"BreadcrumbList\",\"@id\":\"https:\/\/maslow-restaurants.com\/en\/mentions-legales\/#breadcrumb\",\"itemListElement\":[{\"@type\":\"ListItem\",\"position\":1,\"name\":\"Accueil\",\"item\":\"https:\/\/maslow-restaurants.com\/en\/\"},{\"@type\":\"ListItem\",\"position\":2,\"name\":\"Mentions l\u00e9gales\"}]},{\"@type\":\"WebSite\",\"@id\":\"https:\/\/maslow-restaurants.com\/en\/#website\",\"url\":\"https:\/\/maslow-restaurants.com\/en\/\",\"name\":\"Maslow Group\",\"description\":\"Low Impact Restaurant\",\"publisher\":{\"@id\":\"https:\/\/maslow-restaurants.com\/en\/#organization\"},\"alternateName\":\"Maslow Restaurant\",\"potentialAction\":[{\"@type\":\"SearchAction\",\"target\":{\"@type\":\"EntryPoint\",\"urlTemplate\":\"https:\/\/maslow-restaurants.com\/en\/?s={search_term_string}\"},\"query-input\":\"required name=search_term_string\"}],\"inLanguage\":\"en-US\"},{\"@type\":\"Organization\",\"@id\":\"https:\/\/maslow-restaurants.com\/en\/#organization\",\"name\":\"Maslow\",\"alternateName\":\"Low Impact Restaurant\",\"url\":\"https:\/\/maslow-restaurants.com\/en\/\",\"logo\":{\"@type\":\"ImageObject\",\"inLanguage\":\"en-US\",\"@id\":\"https:\/\/maslow-restaurants.com\/en\/#\/schema\/logo\/image\/\",\"url\":\"https:\/\/maslow-restaurants.com\/wp-content\/uploads\/2023\/10\/cropped-logo-M-maslow_NEGATIF_Plan-de-travail-1.png\",\"contentUrl\":\"https:\/\/maslow-restaurants.com\/wp-content\/uploads\/2023\/10\/cropped-logo-M-maslow_NEGATIF_Plan-de-travail-1.png\",\"width\":512,\"height\":512,\"caption\":\"Maslow\"},\"image\":{\"@id\":\"https:\/\/maslow-restaurants.com\/en\/#\/schema\/logo\/image\/\"},\"sameAs\":[\"https:\/\/www.instagram.com\/maslow_restaurants\/\"]}]}<\/script>\n<!-- \/ Yoast SEO plugin. -->","yoast_head_json":{"title":"Mentions l\u00e9gales - Maslow Group","robots":{"index":"index","follow":"follow","max-snippet":"max-snippet:-1","max-image-preview":"max-image-preview:large","max-video-preview":"max-video-preview:-1"},"canonical":"https:\/\/maslow-restaurants.com\/en\/mentions-legales\/","og_locale":"en_US","og_type":"article","og_title":"Mentions l\u00e9gales - Maslow Group","og_description":"Mentions l\u00e9gales Raison sociale : MASLOW MEGISSERIEAdresse : 50 rue d&#8217;Aboukir, 75002 ParisEmail : contact@maslow-group.comNum\u00e9ro d\u2019immatriculation au RCS : 91446483900010Directeurs de la publication : Marine RicklinPrestataire d&#8217;h\u00e9bergement : OVH Propri\u00e9t\u00e9 intellectuelle et droit des marques Le site internet https:\/\/maslow-group.com est prot\u00e9g\u00e9 par les lois en vigueur sur la propri\u00e9t\u00e9 intellectuelle. Toute repr\u00e9sentation ou pr\u00e9sentation de [&hellip;]","og_url":"https:\/\/maslow-restaurants.com\/en\/mentions-legales\/","og_site_name":"Maslow Group","article_modified_time":"2023-05-03T09:04:25+00:00","og_image":[{"width":1920,"height":995,"url":"https:\/\/maslow-restaurants.com\/wp-content\/uploads\/2023\/10\/maslow-group.jpg","type":"image\/jpeg"}],"twitter_card":"summary_large_image","twitter_misc":{"Est. reading time":"1 minute"},"schema":{"@context":"https:\/\/schema.org","@graph":[{"@type":"WebPage","@id":"https:\/\/maslow-restaurants.com\/en\/mentions-legales\/","url":"https:\/\/maslow-restaurants.com\/en\/mentions-legales\/","name":"Mentions l\u00e9gales - Maslow Group","isPartOf":{"@id":"https:\/\/maslow-restaurants.com\/en\/#website"},"datePublished":"2023-04-26T12:48:15+00:00","dateModified":"2023-05-03T09:04:25+00:00","breadcrumb":{"@id":"https:\/\/maslow-restaurants.com\/en\/mentions-legales\/#breadcrumb"},"inLanguage":"en-US","potentialAction":[{"@type":"ReadAction","target":["https:\/\/maslow-restaurants.com\/en\/mentions-legales\/"]}]},{"@type":"BreadcrumbList","@id":"https:\/\/maslow-restaurants.com\/en\/mentions-legales\/#breadcrumb","itemListElement":[{"@type":"ListItem","position":1,"name":"Accueil","item":"https:\/\/maslow-restaurants.com\/en\/"},{"@type":"ListItem","position":2,"name":"Mentions l\u00e9gales"}]},{"@type":"WebSite","@id":"https:\/\/maslow-restaurants.com\/en\/#website","url":"https:\/\/maslow-restaurants.com\/en\/","name":"Maslow Group","description":"Low Impact Restaurant","publisher":{"@id":"https:\/\/maslow-restaurants.com\/en\/#organization"},"alternateName":"Maslow Restaurant","potentialAction":[{"@type":"SearchAction","target":{"@type":"EntryPoint","urlTemplate":"https:\/\/maslow-restaurants.com\/en\/?s={search_term_string}"},"query-input":"required name=search_term_string"}],"inLanguage":"en-US"},{"@type":"Organization","@id":"https:\/\/maslow-restaurants.com\/en\/#organization","name":"Maslow","alternateName":"Low Impact Restaurant","url":"https:\/\/maslow-restaurants.com\/en\/","logo":{"@type":"ImageObject","inLanguage":"en-US","@id":"https:\/\/maslow-restaurants.com\/en\/#\/schema\/logo\/image\/","url":"https:\/\/maslow-restaurants.com\/wp-content\/uploads\/2023\/10\/cropped-logo-M-maslow_NEGATIF_Plan-de-travail-1.png","contentUrl":"https:\/\/maslow-restaurants.com\/wp-content\/uploads\/2023\/10\/cropped-logo-M-maslow_NEGATIF_Plan-de-travail-1.png","width":512,"height":512,"caption":"Maslow"},"image":{"@id":"https:\/\/maslow-restaurants.com\/en\/#\/schema\/logo\/image\/"},"sameAs":["https:\/\/www.instagram.com\/maslow_restaurants\/"]}]}},"_links":{"self":[{"href":"https:\/\/maslow-restaurants.com\/en\/wp-json\/wp\/v2\/pages\/223","targetHints":{"allow":["GET"]}}],"collection":[{"href":"https:\/\/maslow-restaurants.com\/en\/wp-json\/wp\/v2\/pages"}],"about":[{"href":"https:\/\/maslow-restaurants.com\/en\/wp-json\/wp\/v2\/types\/page"}],"author":[{"embeddable":true,"href":"https:\/\/maslow-restaurants.com\/en\/wp-json\/wp\/v2\/users\/1"}],"replies":[{"embeddable":true,"href":"https:\/\/maslow-restaurants.com\/en\/wp-json\/wp\/v2\/comments?post=223"}],"version-history":[{"count":1,"href":"https:\/\/maslow-restaurants.com\/en\/wp-json\/wp\/v2\/pages\/223\/revisions"}],"predecessor-version":[{"id":238,"href":"https:\/\/maslow-restaurants.com\/en\/wp-json\/wp\/v2\/pages\/223\/revisions\/238"}],"wp:attachment":[{"href":"https:\/\/maslow-restaurants.com\/en\/wp-json\/wp\/v2\/media?parent=223"}],"curies":[{"name":"wp","href":"https:\/\/api.w.org\/{rel}","templated":true}]}}