{"id":229,"date":"2022-12-07T13:56:12","date_gmt":"2022-12-07T12:56:12","guid":{"rendered":"https:\/\/maslow-restaurants.com\/coming-soon\/"},"modified":"2025-06-13T17:01:25","modified_gmt":"2025-06-13T15:01:25","slug":"coming-soon","status":"publish","type":"page","link":"https:\/\/maslow-restaurants.com\/en\/coming-soon\/","title":{"rendered":"Le Graal Bar est ouvert !"},"content":{"rendered":"\n<p><\/p>\n\n\n\n<p>Rendez-vous du mercredi au samedi soir d\u00e8s 19h pour d\u00e9couvrir notre speakeasy perch\u00e9 sous la verri\u00e8re de Maslow Temple (32 rue de Picardie, Paris 3), avec une carte exclusive pens\u00e9e uniquement pour ici<\/p>\n\n\n\n<p><\/p>\n\n\n\n<p><\/p>\n","protected":false},"excerpt":{"rendered":"<p>Rendez-vous du mercredi au samedi soir d\u00e8s 19h pour d\u00e9couvrir notre speakeasy perch\u00e9 sous la verri\u00e8re de Maslow Temple (32 rue de Picardie, Paris 3), avec une carte exclusive pens\u00e9e uniquement pour ici<\/p>\n","protected":false},"author":1,"featured_media":0,"parent":0,"menu_order":0,"comment_status":"closed","ping_status":"closed","template":"coming-soon.php","meta":{"footnotes":""},"class_list":["post-229","page","type-page","status-publish","hentry"],"acf":[],"yoast_head":"<!-- This site is optimized with the Yoast SEO plugin v23.3 - https:\/\/yoast.com\/wordpress\/plugins\/seo\/ -->\n<title>Le Graal Bar est ouvert ! - Maslow Group<\/title>\n<meta name=\"robots\" content=\"index, follow, max-snippet:-1, max-image-preview:large, max-video-preview:-1\" \/>\n<link rel=\"canonical\" href=\"https:\/\/maslow-restaurants.com\/en\/coming-soon\/\" \/>\n<meta property=\"og:locale\" content=\"en_US\" \/>\n<meta property=\"og:type\" content=\"article\" \/>\n<meta property=\"og:title\" content=\"Le Graal Bar est ouvert ! - Maslow Group\" \/>\n<meta property=\"og:description\" content=\"Rendez-vous du mercredi au samedi soir d\u00e8s 19h pour d\u00e9couvrir notre speakeasy perch\u00e9 sous la verri\u00e8re de Maslow Temple (32 rue de Picardie, Paris 3), avec une carte exclusive pens\u00e9e uniquement pour ici\" \/>\n<meta property=\"og:url\" content=\"https:\/\/maslow-restaurants.com\/en\/coming-soon\/\" \/>\n<meta property=\"og:site_name\" content=\"Maslow Group\" \/>\n<meta property=\"article:modified_time\" content=\"2025-06-13T15:01:25+00:00\" \/>\n<meta property=\"og:image\" content=\"https:\/\/maslow-restaurants.com\/wp-content\/uploads\/2023\/10\/maslow-group.jpg\" \/>\n\t<meta property=\"og:image:width\" content=\"1920\" \/>\n\t<meta property=\"og:image:height\" content=\"995\" \/>\n\t<meta property=\"og:image:type\" content=\"image\/jpeg\" \/>\n<meta name=\"twitter:card\" content=\"summary_large_image\" \/>\n<script type=\"application\/ld+json\" class=\"yoast-schema-graph\">{\"@context\":\"https:\/\/schema.org\",\"@graph\":[{\"@type\":\"WebPage\",\"@id\":\"https:\/\/maslow-restaurants.com\/en\/coming-soon\/\",\"url\":\"https:\/\/maslow-restaurants.com\/en\/coming-soon\/\",\"name\":\"Le Graal Bar est ouvert ! - Maslow Group\",\"isPartOf\":{\"@id\":\"https:\/\/maslow-restaurants.com\/en\/#website\"},\"datePublished\":\"2022-12-07T12:56:12+00:00\",\"dateModified\":\"2025-06-13T15:01:25+00:00\",\"breadcrumb\":{\"@id\":\"https:\/\/maslow-restaurants.com\/en\/coming-soon\/#breadcrumb\"},\"inLanguage\":\"en-US\",\"potentialAction\":[{\"@type\":\"ReadAction\",\"target\":[\"https:\/\/maslow-restaurants.com\/en\/coming-soon\/\"]}]},{\"@type\":\"BreadcrumbList\",\"@id\":\"https:\/\/maslow-restaurants.com\/en\/coming-soon\/#breadcrumb\",\"itemListElement\":[{\"@type\":\"ListItem\",\"position\":1,\"name\":\"Accueil\",\"item\":\"https:\/\/maslow-restaurants.com\/en\/\"},{\"@type\":\"ListItem\",\"position\":2,\"name\":\"Le Graal Bar est ouvert !\"}]},{\"@type\":\"WebSite\",\"@id\":\"https:\/\/maslow-restaurants.com\/en\/#website\",\"url\":\"https:\/\/maslow-restaurants.com\/en\/\",\"name\":\"Maslow Group\",\"description\":\"Low Impact Restaurant\",\"publisher\":{\"@id\":\"https:\/\/maslow-restaurants.com\/en\/#organization\"},\"alternateName\":\"Maslow Restaurant\",\"potentialAction\":[{\"@type\":\"SearchAction\",\"target\":{\"@type\":\"EntryPoint\",\"urlTemplate\":\"https:\/\/maslow-restaurants.com\/en\/?s={search_term_string}\"},\"query-input\":\"required name=search_term_string\"}],\"inLanguage\":\"en-US\"},{\"@type\":\"Organization\",\"@id\":\"https:\/\/maslow-restaurants.com\/en\/#organization\",\"name\":\"Maslow\",\"alternateName\":\"Low Impact Restaurant\",\"url\":\"https:\/\/maslow-restaurants.com\/en\/\",\"logo\":{\"@type\":\"ImageObject\",\"inLanguage\":\"en-US\",\"@id\":\"https:\/\/maslow-restaurants.com\/en\/#\/schema\/logo\/image\/\",\"url\":\"https:\/\/maslow-restaurants.com\/wp-content\/uploads\/2023\/10\/cropped-logo-M-maslow_NEGATIF_Plan-de-travail-1.png\",\"contentUrl\":\"https:\/\/maslow-restaurants.com\/wp-content\/uploads\/2023\/10\/cropped-logo-M-maslow_NEGATIF_Plan-de-travail-1.png\",\"width\":512,\"height\":512,\"caption\":\"Maslow\"},\"image\":{\"@id\":\"https:\/\/maslow-restaurants.com\/en\/#\/schema\/logo\/image\/\"},\"sameAs\":[\"https:\/\/www.instagram.com\/maslow_restaurants\/\"]}]}<\/script>\n<!-- \/ Yoast SEO plugin. -->","yoast_head_json":{"title":"Le Graal Bar est ouvert ! - Maslow Group","robots":{"index":"index","follow":"follow","max-snippet":"max-snippet:-1","max-image-preview":"max-image-preview:large","max-video-preview":"max-video-preview:-1"},"canonical":"https:\/\/maslow-restaurants.com\/en\/coming-soon\/","og_locale":"en_US","og_type":"article","og_title":"Le Graal Bar est ouvert ! - Maslow Group","og_description":"Rendez-vous du mercredi au samedi soir d\u00e8s 19h pour d\u00e9couvrir notre speakeasy perch\u00e9 sous la verri\u00e8re de Maslow Temple (32 rue de Picardie, Paris 3), avec une carte exclusive pens\u00e9e uniquement pour ici","og_url":"https:\/\/maslow-restaurants.com\/en\/coming-soon\/","og_site_name":"Maslow Group","article_modified_time":"2025-06-13T15:01:25+00:00","og_image":[{"width":1920,"height":995,"url":"https:\/\/maslow-restaurants.com\/wp-content\/uploads\/2023\/10\/maslow-group.jpg","type":"image\/jpeg"}],"twitter_card":"summary_large_image","schema":{"@context":"https:\/\/schema.org","@graph":[{"@type":"WebPage","@id":"https:\/\/maslow-restaurants.com\/en\/coming-soon\/","url":"https:\/\/maslow-restaurants.com\/en\/coming-soon\/","name":"Le Graal Bar est ouvert ! - Maslow Group","isPartOf":{"@id":"https:\/\/maslow-restaurants.com\/en\/#website"},"datePublished":"2022-12-07T12:56:12+00:00","dateModified":"2025-06-13T15:01:25+00:00","breadcrumb":{"@id":"https:\/\/maslow-restaurants.com\/en\/coming-soon\/#breadcrumb"},"inLanguage":"en-US","potentialAction":[{"@type":"ReadAction","target":["https:\/\/maslow-restaurants.com\/en\/coming-soon\/"]}]},{"@type":"BreadcrumbList","@id":"https:\/\/maslow-restaurants.com\/en\/coming-soon\/#breadcrumb","itemListElement":[{"@type":"ListItem","position":1,"name":"Accueil","item":"https:\/\/maslow-restaurants.com\/en\/"},{"@type":"ListItem","position":2,"name":"Le Graal Bar est ouvert !"}]},{"@type":"WebSite","@id":"https:\/\/maslow-restaurants.com\/en\/#website","url":"https:\/\/maslow-restaurants.com\/en\/","name":"Maslow Group","description":"Low Impact Restaurant","publisher":{"@id":"https:\/\/maslow-restaurants.com\/en\/#organization"},"alternateName":"Maslow Restaurant","potentialAction":[{"@type":"SearchAction","target":{"@type":"EntryPoint","urlTemplate":"https:\/\/maslow-restaurants.com\/en\/?s={search_term_string}"},"query-input":"required name=search_term_string"}],"inLanguage":"en-US"},{"@type":"Organization","@id":"https:\/\/maslow-restaurants.com\/en\/#organization","name":"Maslow","alternateName":"Low Impact Restaurant","url":"https:\/\/maslow-restaurants.com\/en\/","logo":{"@type":"ImageObject","inLanguage":"en-US","@id":"https:\/\/maslow-restaurants.com\/en\/#\/schema\/logo\/image\/","url":"https:\/\/maslow-restaurants.com\/wp-content\/uploads\/2023\/10\/cropped-logo-M-maslow_NEGATIF_Plan-de-travail-1.png","contentUrl":"https:\/\/maslow-restaurants.com\/wp-content\/uploads\/2023\/10\/cropped-logo-M-maslow_NEGATIF_Plan-de-travail-1.png","width":512,"height":512,"caption":"Maslow"},"image":{"@id":"https:\/\/maslow-restaurants.com\/en\/#\/schema\/logo\/image\/"},"sameAs":["https:\/\/www.instagram.com\/maslow_restaurants\/"]}]}},"_links":{"self":[{"href":"https:\/\/maslow-restaurants.com\/en\/wp-json\/wp\/v2\/pages\/229","targetHints":{"allow":["GET"]}}],"collection":[{"href":"https:\/\/maslow-restaurants.com\/en\/wp-json\/wp\/v2\/pages"}],"about":[{"href":"https:\/\/maslow-restaurants.com\/en\/wp-json\/wp\/v2\/types\/page"}],"author":[{"embeddable":true,"href":"https:\/\/maslow-restaurants.com\/en\/wp-json\/wp\/v2\/users\/1"}],"replies":[{"embeddable":true,"href":"https:\/\/maslow-restaurants.com\/en\/wp-json\/wp\/v2\/comments?post=229"}],"version-history":[{"count":3,"href":"https:\/\/maslow-restaurants.com\/en\/wp-json\/wp\/v2\/pages\/229\/revisions"}],"predecessor-version":[{"id":3574,"href":"https:\/\/maslow-restaurants.com\/en\/wp-json\/wp\/v2\/pages\/229\/revisions\/3574"}],"wp:attachment":[{"href":"https:\/\/maslow-restaurants.com\/en\/wp-json\/wp\/v2\/media?parent=229"}],"curies":[{"name":"wp","href":"https:\/\/api.w.org\/{rel}","templated":true}]}}